{"id":9,"date":"2018-07-11T11:34:53","date_gmt":"2018-07-11T11:34:53","guid":{"rendered":"http:\/\/haussonja.de\/?page_id=9"},"modified":"2018-08-12T07:01:44","modified_gmt":"2018-08-12T07:01:44","slug":"impressionen","status":"publish","type":"page","link":"https:\/\/haussonja.de\/?page_id=9","title":{"rendered":"Umgebung"},"content":{"rendered":"<p><img loading=\"lazy\" decoding=\"async\" src=\"https:\/\/haussonja.de\/wp-content\/uploads\/2018\/07\/haus_rechts_klein-300x200.jpg\" alt=\"\" width=\"339\" height=\"226\" class=\" wp-image-551 alignleft\" srcset=\"https:\/\/haussonja.de\/wp-content\/uploads\/2018\/07\/haus_rechts_klein-300x200.jpg 300w, https:\/\/haussonja.de\/wp-content\/uploads\/2018\/07\/haus_rechts_klein-768x512.jpg 768w, https:\/\/haussonja.de\/wp-content\/uploads\/2018\/07\/haus_rechts_klein-360x240.jpg 360w, https:\/\/haussonja.de\/wp-content\/uploads\/2018\/07\/haus_rechts_klein.jpg 876w\" sizes=\"(max-width: 339px) 100vw, 339px\" \/><\/p>\n<p>Wir haben Ihnen eine kleine Auswahl an Ausflugszielen und Ideen zur Ausflugsgestaltung zusammen gestellt, um einen Ausblick auf die wundersch\u00f6ne Natur und Umgebung von Reit im Winkl zu bekommen. Nat\u00fcrlich gibt es je nach Geschmack noch viel mehr zu sehen und zu erleben, kleine Wanderungen, gro\u00dfe Bergtouren oder gem\u00fctlich schwimmen in Seen, Hallen- oder Freibad.\u00a0Bei Ihrer Ausflugsgestaltung stehen wir Ihnen nat\u00fcrlich sehr gern zur Verf\u00fcgung.<\/p>\n<table border=\"0\" cellpadding=\"0\" cellspacing=\"0\" width=\"588\">\n<colgroup>\n<col width=\"588\" \/><\/colgroup>\n<tbody>\n<tr height=\"23\">\n<td height=\"23\" class=\"xl63\" width=\"588\"><strong>Sehr schnell erreichbar<\/strong><\/td>\n<\/tr>\n<tr height=\"23\">\n<td height=\"23\" class=\"xl64\">Schnapps Museum Reit im Winkl<\/td>\n<\/tr>\n<tr height=\"23\">\n<td height=\"23\" class=\"xl64\">Heimatmuseum Hausenh\u00e4usl in Reit im Winkl<\/td>\n<\/tr>\n<tr height=\"23\">\n<td height=\"23\" class=\"xl64\">Pfarrkirche St. Pankratius<\/td>\n<\/tr>\n<tr height=\"23\">\n<td height=\"23\" class=\"xl64\">Winklmoosalm<\/td>\n<\/tr>\n<tr height=\"23\">\n<td height=\"23\" class=\"xl64\">Hemmersuppenalm \/ Hindenburgh\u00fctte<\/td>\n<\/tr>\n<tr height=\"23\">\n<td height=\"23\" class=\"xl64\">Dreiseen Landschaft bei Seegatterl<\/td>\n<\/tr>\n<tr height=\"23\">\n<td height=\"23\" class=\"xl64\">Hallen- und Freibad Reit im Winkl<\/td>\n<\/tr>\n<tr height=\"23\">\n<td height=\"23\" class=\"xl64\">Waldfreibad K\u00f6ssen<\/td>\n<\/tr>\n<tr height=\"23\">\n<td height=\"23\" class=\"xl64\">M\u00e4rchenwald Wanderung<span>\u00a0<\/span><\/td>\n<\/tr>\n<tr height=\"23\">\n<td height=\"23\" class=\"xl63\"><strong>Schnell erreichbar<\/strong><\/td>\n<\/tr>\n<tr height=\"23\">\n<td height=\"23\" class=\"xl64\">Holzknechtmuseum Ruhpolding<\/td>\n<\/tr>\n<tr height=\"23\">\n<td height=\"23\" class=\"xl64\">Burg Marquartstein<\/td>\n<\/tr>\n<tr height=\"23\">\n<td height=\"23\" class=\"xl64\">M\u00e4rchenpark Marquartstein oder Ruhpolding<\/td>\n<\/tr>\n<tr height=\"23\">\n<td height=\"23\" class=\"xl64\">Schmugglerweg Klobenstein \/ Klobenstein-Kapelle<\/td>\n<\/tr>\n<tr height=\"23\">\n<td height=\"23\" class=\"xl64\">Sommerrodelbahn Durchholzen<\/td>\n<\/tr>\n<tr height=\"23\">\n<td height=\"23\" class=\"xl64\">Chiemsee (Herren + Fraueninsel)<\/td>\n<\/tr>\n<tr height=\"23\">\n<td height=\"23\" class=\"xl64\">Simsee bei Bad Endorf<\/td>\n<\/tr>\n<tr height=\"23\">\n<td height=\"23\" class=\"xl64\">Walchsee<\/td>\n<\/tr>\n<tr height=\"23\">\n<td height=\"23\" class=\"xl63\"><strong>Tagesausfl\u00fcge<\/strong><\/td>\n<\/tr>\n<tr height=\"23\">\n<td height=\"23\" class=\"xl64\">K\u00f6nigsee (St. Bartolom\u00e4)<\/td>\n<\/tr>\n<tr height=\"23\">\n<td height=\"23\" class=\"xl64\">Berchtesgadener Salzbergwerk<\/td>\n<\/tr>\n<tr height=\"23\">\n<td height=\"23\" class=\"xl64\">Berchtesgaden Obersalzberg Kehlsteinhaus<\/td>\n<\/tr>\n<tr height=\"23\">\n<td height=\"23\" class=\"xl64\">Salzburg (Domplatz, Geburtshaus von Wolfgang Amadeus Mozart)<\/td>\n<\/tr>\n<tr height=\"23\">\n<td height=\"23\" class=\"xl64\">Eisriesenwelt bei Werfen (erreichbar \u00fcber Tauernautobahn \u00fcber Salzburg)<\/td>\n<\/tr>\n<tr height=\"23\">\n<td height=\"23\" class=\"xl64\">Swarovski Kristallwelten bei Wattens in Tirol<\/td>\n<\/tr>\n<tr height=\"23\">\n<td height=\"23\" class=\"xl64\">M\u00fcnchen<\/td>\n<\/tr>\n<\/tbody>\n<\/table>\n<p>&nbsp;<\/p>\n","protected":false},"excerpt":{"rendered":"<p>Wir haben Ihnen eine kleine Auswahl an Ausflugszielen und Ideen zur Ausflugsgestaltung zusammen gestellt, um einen Ausblick auf die wundersch\u00f6ne Natur und Umgebung von Reit im Winkl zu bekommen. Nat\u00fcrlich gibt es je nach Geschmack noch viel mehr zu sehen und zu erleben, kleine Wanderungen, gro\u00dfe Bergtouren oder gem\u00fctlich schwimmen<\/p>\n","protected":false},"author":1,"featured_media":0,"parent":0,"menu_order":0,"comment_status":"closed","ping_status":"closed","template":"","meta":{"ub_ctt_via":"","footnotes":""},"featured_image_src":null,"_links":{"self":[{"href":"https:\/\/haussonja.de\/index.php?rest_route=\/wp\/v2\/pages\/9"}],"collection":[{"href":"https:\/\/haussonja.de\/index.php?rest_route=\/wp\/v2\/pages"}],"about":[{"href":"https:\/\/haussonja.de\/index.php?rest_route=\/wp\/v2\/types\/page"}],"author":[{"embeddable":true,"href":"https:\/\/haussonja.de\/index.php?rest_route=\/wp\/v2\/users\/1"}],"replies":[{"embeddable":true,"href":"https:\/\/haussonja.de\/index.php?rest_route=%2Fwp%2Fv2%2Fcomments&post=9"}],"version-history":[{"count":13,"href":"https:\/\/haussonja.de\/index.php?rest_route=\/wp\/v2\/pages\/9\/revisions"}],"predecessor-version":[{"id":618,"href":"https:\/\/haussonja.de\/index.php?rest_route=\/wp\/v2\/pages\/9\/revisions\/618"}],"wp:attachment":[{"href":"https:\/\/haussonja.de\/index.php?rest_route=%2Fwp%2Fv2%2Fmedia&parent=9"}],"curies":[{"name":"wp","href":"https:\/\/api.w.org\/{rel}","templated":true}]}}