{"id":87,"date":"2018-07-12T06:19:36","date_gmt":"2018-07-12T06:19:36","guid":{"rendered":"https:\/\/haussonja.de\/?page_id=87"},"modified":"2026-01-10T15:21:27","modified_gmt":"2026-01-10T15:21:27","slug":"preise","status":"publish","type":"page","link":"https:\/\/haussonja.de\/?page_id=87","title":{"rendered":"Preise"},"content":{"rendered":"\n<p><strong>Sehr geehrte G\u00e4ste,<\/strong><\/p>\n\n\n\n<p>die hier genannten Preise verstehen sich pro Buchungstag.<\/p>\n\n\n\n<p>Eine Preisgarantie k\u00f6nnen wir aus&nbsp;Verarbeitungsgr\u00fcnden nicht geben, jedoch berechnen wir Ihnen gerne ein individuelles Angebot bei Ihrer Buchungsanfrage.<\/p>\n\n\n\n<p><strong>Ihre Familie Buchegger<\/strong><\/p>\n\n\n\n<p>Folgendes ist in den Tagespreisen inkludiert:<\/p>\n\n\n\n<ul>\n<li>Bettw\u00e4sche <\/li>\n\n\n\n<li>Hand-\/Duscht\u00fccher <\/li>\n\n\n\n<li>Endreinigung <\/li>\n\n\n\n<li>WLAN <\/li>\n\n\n\n<li>Parkpl\u00e4tze direkt am Haus<\/li>\n<\/ul>\n\n\n\n<p><\/p>\n\n\n\n<p><strong>ACHTUNG Preiserh\u00f6hung ab Oktober 2026 um je 3\u20ac pro Grundpreis!<\/strong><\/p>\n\n\n\n<figure class=\"wp-block-table\"><table><tbody><tr><td><\/td><td><\/td><td><\/td><td>Sommer<\/td><td>Winter<\/td><td><\/td><td><\/td><\/tr><tr><td><\/td><td><\/td><td><\/td><td><\/td><\/tr><tr><td>Grundpreis Ferienwohnung 1 &amp; 2 (f\u00fcr 2 Pers.)<\/td><td><\/td><td><\/td><td>65,00 \u20ac<\/td><td>70,00 \u20ac<\/td><td><\/td><td><\/td><\/tr><tr><td>Grundpreis Ferienwohnung 3 (f\u00fcr 2 Pers.)<\/td><td><\/td><td><\/td><td>52,00 \u20ac<\/td><td>57,00 \u20ac<\/td><td><\/td><td><\/td><\/tr><tr><td>jede weitere Person (ab dem 12. Geburtstag)<\/td><td><\/td><td><\/td><td>20,00 \u20ac<\/td><td>20,00 \u20ac<\/td><td><\/td><td><\/td><\/tr><tr><td>Kinder (ab 6. Geburtstag, bis maximal 12. Geburtstag)<\/td><td><\/td><td><\/td><td>10,00 \u20ac<\/td><td>10,00 \u20ac<\/td><td><\/td><td><\/td><\/tr><tr><td>Kinder (vor dem 6. Geburtstag)<\/td><td><\/td><td><\/td><td>frei<\/td><td>frei<\/td><td><\/td><td><\/td><\/tr><\/tbody><\/table><figcaption class=\"wp-element-caption\"><br>Preise verstehen sich<strong> zuz\u00fcglich Kurbeitrag<\/strong> wie auf <a href=\"https:\/\/www.reitimwinkl.de\/reit-im-winkl-inklusiv-card\">Reit im Winkl inklusiv Card<\/a> angegeben.<\/figcaption><\/figure>\n\n\n\n<hr class=\"wp-block-separator has-css-opacity\"\/>\n\n\n\n<p><strong>Stornogeb\u00fchr:<\/strong><\/p>\n\n\n\n<p>20% des Reisepreises bei R\u00fccktritt bis 30 Tage vor Reisebeginn.<br>50% des Reisepreises bei R\u00fccktritt bis 10 Tage vor Reisebeginn<br>90% des Reisepreises bei R\u00fccktritt unter 10 Tage vor Reisebeginn<\/p>\n\n\n\n<p><strong>Eine Anzahlung vorab erheben wir nicht.  <\/strong><\/p>\n","protected":false},"excerpt":{"rendered":"<p>Sehr geehrte G\u00e4ste, die hier genannten Preise verstehen sich pro Buchungstag. Eine Preisgarantie k\u00f6nnen wir aus&nbsp;Verarbeitungsgr\u00fcnden nicht geben, jedoch berechnen wir Ihnen gerne ein individuelles Angebot bei Ihrer Buchungsanfrage. Ihre Familie Buchegger Folgendes ist in den Tagespreisen inkludiert: ACHTUNG Preiserh\u00f6hung ab Oktober 2026 um je 3\u20ac pro Grundpreis! Sommer Winter<\/p>\n","protected":false},"author":1,"featured_media":0,"parent":0,"menu_order":0,"comment_status":"closed","ping_status":"closed","template":"","meta":{"ub_ctt_via":"","footnotes":""},"featured_image_src":null,"_links":{"self":[{"href":"https:\/\/haussonja.de\/index.php?rest_route=\/wp\/v2\/pages\/87"}],"collection":[{"href":"https:\/\/haussonja.de\/index.php?rest_route=\/wp\/v2\/pages"}],"about":[{"href":"https:\/\/haussonja.de\/index.php?rest_route=\/wp\/v2\/types\/page"}],"author":[{"embeddable":true,"href":"https:\/\/haussonja.de\/index.php?rest_route=\/wp\/v2\/users\/1"}],"replies":[{"embeddable":true,"href":"https:\/\/haussonja.de\/index.php?rest_route=%2Fwp%2Fv2%2Fcomments&post=87"}],"version-history":[{"count":29,"href":"https:\/\/haussonja.de\/index.php?rest_route=\/wp\/v2\/pages\/87\/revisions"}],"predecessor-version":[{"id":854,"href":"https:\/\/haussonja.de\/index.php?rest_route=\/wp\/v2\/pages\/87\/revisions\/854"}],"wp:attachment":[{"href":"https:\/\/haussonja.de\/index.php?rest_route=%2Fwp%2Fv2%2Fmedia&parent=87"}],"curies":[{"name":"wp","href":"https:\/\/api.w.org\/{rel}","templated":true}]}}