{"id":771,"date":"2025-01-12T11:26:54","date_gmt":"2025-01-12T11:26:54","guid":{"rendered":"https:\/\/haussonja.de\/?page_id=771"},"modified":"2025-01-12T12:33:24","modified_gmt":"2025-01-12T12:33:24","slug":"ferienwohnung-3-einzimmerapartment","status":"publish","type":"page","link":"https:\/\/haussonja.de\/?page_id=771","title":{"rendered":"Ferienwohnung 3 (Einzimmerapartment)"},"content":{"rendered":"\n<p><strong>Dieses Einzimmer-Apartment<\/strong> befindet sich im ersten Stock und ist Richtung Westen ausgerichtet. <\/p>\n\n\n\n<p>Ein kleiner aber breiter Balkon, l\u00e4d mit Liegest\u00fchlen, Tisch und Sonnenschutz zum Relaxen ein.<br>Einem freien Blick auf den Unterberg sowie Wilden Kaiser steht nichts im Weg.<\/p>\n\n\n\n<p><strong>Einraum-Wohn-\/Schlaf-\/Essbereich:<\/strong><\/p>\n\n\n\n<p>Das besondere an diesem Appartment ist der \u00fcberaus gro\u00dfz\u00fcgige Wohn-\/Schlafraum mit integriertem K\u00fcchenblock. <\/p>\n\n\n\n<p>Doppel-Bett (160&#215;200) und ein gro\u00dfer Kleiderschrank, Essplatz mit 2 St\u00fchlen, gro\u00dfz\u00fcgig ausgestattete K\u00fcche mit Geschirr f\u00fcr bis zu 4 Personen. Wasserkocher, Microwelle, Kochplatten, Eierkocher, Toaster, Kaffeemaschine &amp; K\u00fchlschrank mit Gefrierfach ist alles vorhanden.<\/p>\n\n\n\n<p><strong>Badezimmer:<\/strong><\/p>\n\n\n\n<p>Das gro\u00dfe Badezimmer mit Waschtisch, Dusche und WC beinhaltet auch ein Bidet. Das Badezimmer hat Fu\u00dfbodenheizung.<\/p>\n\n\n<div class=\"ub_image_slider swiper-container wp-block-ub-image-slider\" id=\"ub_image_slider_fea7524d-b844-4663-9a4e-c1e5e6891442\" data-swiper-data='{\"speed\":300,\"spaceBetween\":0,\"slidesPerView\":1,\"loop\":false,\"pagination\":{\"el\": \".swiper-pagination\" , \"type\": \"bullets\", \"clickable\":true}\n            ,\"navigation\": {\"nextEl\": \".swiper-button-next\", \"prevEl\": \".swiper-button-prev\"}, \"keyboard\": { \"enabled\": true },\n            \"effect\": \"slide\",\"simulateTouch\":false}'><div class=\"swiper-wrapper\"><figure class=\"swiper-slide\">\n        <img decoding=\"async\" src=\"https:\/\/haussonja.de\/wp-content\/uploads\/2018\/07\/appartment_1.jpg\" alt=\"\"><figcaption class=\"ub_image_slider_image_caption\"> <\/figcaption><\/figure><figure class=\"swiper-slide\">\n        <img decoding=\"async\" src=\"https:\/\/haussonja.de\/wp-content\/uploads\/2018\/07\/appartment_2.jpg\" alt=\"\"><figcaption class=\"ub_image_slider_image_caption\"> <\/figcaption><\/figure><figure class=\"swiper-slide\">\n        <img decoding=\"async\" src=\"https:\/\/haussonja.de\/wp-content\/uploads\/2020\/06\/IMG_5928-3.jpg\" alt=\"\"><figcaption class=\"ub_image_slider_image_caption\"> <\/figcaption><\/figure><figure class=\"swiper-slide\">\n        <img decoding=\"async\" src=\"https:\/\/haussonja.de\/wp-content\/uploads\/2020\/06\/IMG_5927-1.jpg\" alt=\"\"><figcaption class=\"ub_image_slider_image_caption\"> <\/figcaption><\/figure><figure class=\"swiper-slide\">\n        <img decoding=\"async\" src=\"https:\/\/haussonja.de\/wp-content\/uploads\/2020\/06\/IMG_5923.jpg\" alt=\"\"><figcaption class=\"ub_image_slider_image_caption\"> <\/figcaption><\/figure><figure class=\"swiper-slide\">\n        <img decoding=\"async\" src=\"https:\/\/haussonja.de\/wp-content\/uploads\/2020\/03\/fewo3kueche.jpg\" alt=\"\"><figcaption class=\"ub_image_slider_image_caption\"> <\/figcaption><\/figure><figure class=\"swiper-slide\">\n        <img decoding=\"async\" src=\"https:\/\/haussonja.de\/wp-content\/uploads\/2020\/03\/fewo3bett.jpg\" alt=\"\"><figcaption class=\"ub_image_slider_image_caption\"> <\/figcaption><\/figure><figure class=\"swiper-slide\">\n        <img decoding=\"async\" src=\"https:\/\/haussonja.de\/wp-content\/uploads\/2018\/07\/appartmentplan.jpg\" alt=\"\"><figcaption class=\"ub_image_slider_image_caption\"> <\/figcaption><\/figure><\/div><div class=\"swiper-pagination\"><\/div>\n       <div class=\"swiper-button-prev\"><\/div> <div class=\"swiper-button-next\"><\/div>\n        <\/div>\n\n\n<p>\n<iframe id=\"blk55406\" width=\"100%\" height=\"1000\" frameborder=\"0\" loading=\"lazy\" referrerpolicy=\"no-referrer-when-downgrade\" src=\"https:\/\/api.belegungskalender-kostenlos.de\/kalender.php?kid=55406\" title=\"Belegungskalender 55406\"><p>Ihr Browser kann den Kalender leider nicht direkt anzeigen, klicken Sie bitte <b><a href=\"https:\/\/api.belegungskalender-kostenlos.de\/kalender.php?kid=55406\">hier<\/a><\/b><\/p><\/iframe><br><span style=\"font-size:9px;\"><a href=\"https:\/\/www.belegungskalender-kostenlos.de\" rel=\"nofollow noopener\" target=\"_blank\" style=\"font-size:9px;\">Kalender von belegungskalender-kostenlos.de<\/a><\/span>\n<\/p>\n","protected":false},"excerpt":{"rendered":"<p>Dieses Einzimmer-Apartment befindet sich im ersten Stock und ist Richtung Westen ausgerichtet. Ein kleiner aber breiter Balkon, l\u00e4d mit Liegest\u00fchlen, Tisch und Sonnenschutz zum Relaxen ein.Einem freien Blick auf den Unterberg sowie Wilden Kaiser steht nichts im Weg. Einraum-Wohn-\/Schlaf-\/Essbereich: Das besondere an diesem Appartment ist der \u00fcberaus gro\u00dfz\u00fcgige Wohn-\/Schlafraum mit<\/p>\n","protected":false},"author":1,"featured_media":0,"parent":0,"menu_order":0,"comment_status":"closed","ping_status":"closed","template":"","meta":{"ub_ctt_via":"","footnotes":""},"featured_image_src":null,"_links":{"self":[{"href":"https:\/\/haussonja.de\/index.php?rest_route=\/wp\/v2\/pages\/771"}],"collection":[{"href":"https:\/\/haussonja.de\/index.php?rest_route=\/wp\/v2\/pages"}],"about":[{"href":"https:\/\/haussonja.de\/index.php?rest_route=\/wp\/v2\/types\/page"}],"author":[{"embeddable":true,"href":"https:\/\/haussonja.de\/index.php?rest_route=\/wp\/v2\/users\/1"}],"replies":[{"embeddable":true,"href":"https:\/\/haussonja.de\/index.php?rest_route=%2Fwp%2Fv2%2Fcomments&post=771"}],"version-history":[{"count":10,"href":"https:\/\/haussonja.de\/index.php?rest_route=\/wp\/v2\/pages\/771\/revisions"}],"predecessor-version":[{"id":828,"href":"https:\/\/haussonja.de\/index.php?rest_route=\/wp\/v2\/pages\/771\/revisions\/828"}],"wp:attachment":[{"href":"https:\/\/haussonja.de\/index.php?rest_route=%2Fwp%2Fv2%2Fmedia&parent=771"}],"curies":[{"name":"wp","href":"https:\/\/api.w.org\/{rel}","templated":true}]}}