{"id":76,"date":"2018-07-11T12:29:23","date_gmt":"2018-07-11T12:29:23","guid":{"rendered":"http:\/\/haussonja.de\/?page_id=76"},"modified":"2020-06-21T10:29:40","modified_gmt":"2020-06-21T10:29:40","slug":"startseite","status":"publish","type":"page","link":"https:\/\/haussonja.de\/","title":{"rendered":"Startseite"},"content":{"rendered":"<p style=\"text-align: left\"><strong>Urlaub in Reit im Winkl<\/strong><\/p>\n<p style=\"text-align: left\">Sie wollen Urlaub in Reit im Winkl machen und haben noch keine Unterkunft?<\/p>\n<p style=\"text-align: left\"><strong>Bei uns k\u00f6nnen Sie eine gem\u00fctliche Ferienwohnung f\u00fcr sich und Ihre Familie buchen.<\/strong><\/p>\n<p style=\"text-align: left\">Wir haben unser Haus 1997\/98 neu gebaut und seither f\u00fchren wir unserer kleines, famili\u00e4res Ferienhaus.<br \/>\nAlle Wohnungen finden Sie mit\u00a0geschmackvoller Einrichtung im Landhausstil vor. Renovierungen wurden 2009 sowie 2017 vorgenommen.<\/p>\n<p style=\"text-align: left\">Wir sind steht&#8217;s bem\u00fcht unseren G\u00e4sten den Aufenthalt so angenehm wie m\u00f6glich zu gestalten.<br \/>\nBegonnen mit unserer umfangreichen Ferienwohnung-Ausstattung und unserer Unterst\u00fctzung bei Ausflugszielen.<\/p>\n<p style=\"text-align: left\">Einen Br\u00f6tchen-Lieferservice k\u00f6nnen Sie nach vorheriger Absprache nutzen,<br \/>\njedoch bieten wir keinen Fr\u00fchst\u00fccksservice an.<\/p>\n<p style=\"text-align: left\">F\u00fcr weitere Fragen stehen wir Ihnen gern zur Verf\u00fcgung!<\/p>\n<p style=\"text-align: left\">Wir freuen uns auf Ihren Besuch!<br \/>\nIhre Familie Buchegger<\/p>\n","protected":false},"excerpt":{"rendered":"<p>Urlaub in Reit im Winkl Sie wollen Urlaub in Reit im Winkl machen und haben noch keine Unterkunft? Bei uns k\u00f6nnen Sie eine gem\u00fctliche Ferienwohnung f\u00fcr sich und Ihre Familie buchen. Wir haben unser Haus 1997\/98 neu gebaut und seither f\u00fchren wir unserer kleines, famili\u00e4res Ferienhaus. Alle Wohnungen finden Sie<\/p>\n","protected":false},"author":1,"featured_media":305,"parent":0,"menu_order":0,"comment_status":"closed","ping_status":"closed","template":"","meta":{"ub_ctt_via":"","footnotes":""},"featured_image_src":"https:\/\/haussonja.de\/wp-content\/uploads\/2018\/07\/IMG_4084.jpg","_links":{"self":[{"href":"https:\/\/haussonja.de\/index.php?rest_route=\/wp\/v2\/pages\/76"}],"collection":[{"href":"https:\/\/haussonja.de\/index.php?rest_route=\/wp\/v2\/pages"}],"about":[{"href":"https:\/\/haussonja.de\/index.php?rest_route=\/wp\/v2\/types\/page"}],"author":[{"embeddable":true,"href":"https:\/\/haussonja.de\/index.php?rest_route=\/wp\/v2\/users\/1"}],"replies":[{"embeddable":true,"href":"https:\/\/haussonja.de\/index.php?rest_route=%2Fwp%2Fv2%2Fcomments&post=76"}],"version-history":[{"count":22,"href":"https:\/\/haussonja.de\/index.php?rest_route=\/wp\/v2\/pages\/76\/revisions"}],"predecessor-version":[{"id":693,"href":"https:\/\/haussonja.de\/index.php?rest_route=\/wp\/v2\/pages\/76\/revisions\/693"}],"wp:featuredmedia":[{"embeddable":true,"href":"https:\/\/haussonja.de\/index.php?rest_route=\/wp\/v2\/media\/305"}],"wp:attachment":[{"href":"https:\/\/haussonja.de\/index.php?rest_route=%2Fwp%2Fv2%2Fmedia&parent=76"}],"curies":[{"name":"wp","href":"https:\/\/api.w.org\/{rel}","templated":true}]}}