{"id":759,"date":"2025-01-12T10:59:25","date_gmt":"2025-01-12T10:59:25","guid":{"rendered":"https:\/\/haussonja.de\/?page_id=759"},"modified":"2025-01-12T12:33:42","modified_gmt":"2025-01-12T12:33:42","slug":"ferienwohnung-1","status":"publish","type":"page","link":"https:\/\/haussonja.de\/?page_id=759","title":{"rendered":"Ferienwohnung 1 (S\u00fcd\/West 1. Stock)"},"content":{"rendered":"<p><strong>Diese Ferienwohnung<\/strong> befindet sich im ersten Stock und ist Richtung S\u00fcd\/West ausgerichtet.<\/p>\n<p>Ein gro\u00dfz\u00fcgiger Balkon der ums Eck geht, l\u00e4d mit Liegest\u00fchlen, Tisch und Sonnenschutz zum Relaxen ein.<br \/>Einem freien Blick auf den Unterberg sowie Wilden Kaiser steht nichts im Weg.<\/p>\n<p>Gerne stellen wir Ihnen ein Kinderbett und Hochstuhl in den Ferienwohnungen nach Bedarf und Verf\u00fcgbarkeit bereit. Bitte bereits bei Reservierung anfragen!<\/p>\n<p><strong>Wohn-\/Esszimmer:<\/strong><\/p>\n<p>Das besondere an dieser Wohnung ist das gro\u00dfz\u00fcgig gestaltete Wohn-\/Esszimmer. Eine ausziehbare Doppelsitzgarnitur schafft Platz f\u00fcr eine zus\u00e4tzliche Schlafm\u00f6glichkeit f\u00fcr 2 Personen (ausgezogen ca. 180&#215;200). SAT-TV &amp; Radio vorhanden. Die Ecksitzgarnitur bietet Platz f\u00fcr 6 Personen. Tisch ausziehbar.<\/p>\n<p><strong>Schlafzimmer:<\/strong><\/p>\n<p>In dem separaten Schlafzimmer befindet sich ein Doppel-Bett (180&#215;200) und eine weitere Schlafm\u00f6glichkeit als Zustellbett (90&#215;200) (oder alternativ Babybett). Kleiderschrank vorhanden.<\/p>\n<p><strong>K\u00fcche:<\/strong><br \/>Die gro\u00dfz\u00fcgig ausgestattete K\u00fcche im Durchgangsbereich zwischen Wohnzimmer und Schlafzimmer beinhaltet Geschirr f\u00fcr bis zu 6 Personen, mit einer Vollausstattung wie Wasserkocher, Microwelle, Kochplatten, Eierkocher, Toaster, Kaffeemaschine und K\u00fchlschrank mit Gefrierfach.<\/p>\n<p><strong>Badezimmer:<\/strong><br \/>Badezimmer mit Dusche, WC, Waschbecken, Haarf\u00f6n, Kosmetikspiegel<\/p>\n\n<div class=\"ub_image_slider swiper-container wp-block-ub-image-slider\" id=\"ub_image_slider_36e9e20c-f63f-4b3b-9bab-03b066bcc760\" data-swiper-data='{\"speed\":300,\"spaceBetween\":20,\"slidesPerView\":1,\"loop\":true,\"pagination\":{\"el\": \".swiper-pagination\" , \"type\": \"bullets\", \"clickable\":true}\n            ,\"navigation\": {\"nextEl\": \".swiper-button-next\", \"prevEl\": \".swiper-button-prev\"}, \"keyboard\": { \"enabled\": true },\n            \"effect\": \"slide\",\"simulateTouch\":false}'><div class=\"swiper-wrapper\"><figure class=\"swiper-slide\">\n        <img decoding=\"async\" src=\"https:\/\/haussonja.de\/wp-content\/uploads\/2020\/07\/DSC0E6857.jpg\" alt=\"\"><figcaption class=\"ub_image_slider_image_caption\"> <\/figcaption><\/figure><figure class=\"swiper-slide\">\n        <img decoding=\"async\" src=\"https:\/\/haussonja.de\/wp-content\/uploads\/2020\/07\/DSC0E6854.jpg\" alt=\"\"><figcaption class=\"ub_image_slider_image_caption\"> <\/figcaption><\/figure><figure class=\"swiper-slide\">\n        <img decoding=\"async\" src=\"https:\/\/haussonja.de\/wp-content\/uploads\/2020\/07\/DSC0E6852.jpg\" alt=\"\"><figcaption class=\"ub_image_slider_image_caption\"> <\/figcaption><\/figure><figure class=\"swiper-slide\">\n        <img decoding=\"async\" src=\"https:\/\/haussonja.de\/wp-content\/uploads\/2020\/07\/DSC0E6849.jpg\" alt=\"\"><figcaption class=\"ub_image_slider_image_caption\"> <\/figcaption><\/figure><figure class=\"swiper-slide\">\n        <img decoding=\"async\" src=\"https:\/\/haussonja.de\/wp-content\/uploads\/2020\/07\/DSC0E6848.jpg\" alt=\"\"><figcaption class=\"ub_image_slider_image_caption\"> <\/figcaption><\/figure><figure class=\"swiper-slide\">\n        <img decoding=\"async\" src=\"https:\/\/haussonja.de\/wp-content\/uploads\/2020\/07\/DSC0E6846.jpg\" alt=\"\"><figcaption class=\"ub_image_slider_image_caption\"> <\/figcaption><\/figure><figure class=\"swiper-slide\">\n        <img decoding=\"async\" src=\"https:\/\/haussonja.de\/wp-content\/uploads\/2020\/07\/DSC0E6845.jpg\" alt=\"\"><figcaption class=\"ub_image_slider_image_caption\"> <\/figcaption><\/figure><figure class=\"swiper-slide\">\n        <img decoding=\"async\" src=\"https:\/\/haussonja.de\/wp-content\/uploads\/2020\/07\/DSC0E6844.jpg\" alt=\"\"><figcaption class=\"ub_image_slider_image_caption\"> <\/figcaption><\/figure><figure class=\"swiper-slide\">\n        <img decoding=\"async\" src=\"https:\/\/haussonja.de\/wp-content\/uploads\/2020\/07\/DSC0E6842.jpg\" alt=\"\"><figcaption class=\"ub_image_slider_image_caption\"> <\/figcaption><\/figure><figure class=\"swiper-slide\">\n        <img decoding=\"async\" src=\"https:\/\/haussonja.de\/wp-content\/uploads\/2020\/07\/DSC0E6841.jpg\" alt=\"\"><figcaption class=\"ub_image_slider_image_caption\"> <\/figcaption><\/figure><figure class=\"swiper-slide\">\n        <img decoding=\"async\" src=\"https:\/\/haussonja.de\/wp-content\/uploads\/2020\/07\/DSC0E6840.jpg\" alt=\"\"><figcaption class=\"ub_image_slider_image_caption\"> <\/figcaption><\/figure><figure class=\"swiper-slide\">\n        <img decoding=\"async\" src=\"https:\/\/haussonja.de\/wp-content\/uploads\/2020\/07\/DSC0E6839.jpg\" alt=\"\"><figcaption class=\"ub_image_slider_image_caption\"> <\/figcaption><\/figure><figure class=\"swiper-slide\">\n        <img decoding=\"async\" src=\"https:\/\/haussonja.de\/wp-content\/uploads\/2020\/07\/DSC0E6837.jpg\" alt=\"\"><figcaption class=\"ub_image_slider_image_caption\"> <\/figcaption><\/figure><figure class=\"swiper-slide\">\n        <img decoding=\"async\" src=\"https:\/\/haussonja.de\/wp-content\/uploads\/2018\/07\/fewo1plan.jpg\" alt=\"\"><figcaption class=\"ub_image_slider_image_caption\"> <\/figcaption><\/figure><\/div><div class=\"swiper-pagination\"><\/div>\n       <div class=\"swiper-button-prev\"><\/div> <div class=\"swiper-button-next\"><\/div>\n        <\/div>\n\n\n<p>\n<iframe id=\"blk55404\" width=\"100%\" height=\"1000\" frameborder=\"0\" loading=\"lazy\" referrerpolicy=\"no-referrer-when-downgrade\" src=\"https:\/\/api.belegungskalender-kostenlos.de\/kalender.php?kid=55404\" title=\"Belegungskalender 55404\"><p>Ihr Browser kann den Kalender leider nicht direkt anzeigen, klicken Sie bitte <b><a href=\"https:\/\/api.belegungskalender-kostenlos.de\/kalender.php?kid=55404\">hier<\/a><\/b><\/p><\/iframe><br><span style=\"font-size:9px;\"><a href=\"https:\/\/www.belegungskalender-kostenlos.de\" rel=\"noopener\" target=\"_blank\" style=\"font-size:9px;\">www.belegungskalender-kostenlos.de<\/a><\/span>\n<\/p>\n","protected":false},"excerpt":{"rendered":"<p>Diese Ferienwohnung befindet sich im ersten Stock und ist Richtung S\u00fcd\/West ausgerichtet. Ein gro\u00dfz\u00fcgiger Balkon der ums Eck geht, l\u00e4d mit Liegest\u00fchlen, Tisch und Sonnenschutz zum Relaxen ein.Einem freien Blick auf den Unterberg sowie Wilden Kaiser steht nichts im Weg. Gerne stellen wir Ihnen ein Kinderbett und Hochstuhl in den<\/p>\n","protected":false},"author":1,"featured_media":0,"parent":0,"menu_order":0,"comment_status":"closed","ping_status":"closed","template":"","meta":{"ub_ctt_via":"","footnotes":""},"featured_image_src":null,"_links":{"self":[{"href":"https:\/\/haussonja.de\/index.php?rest_route=\/wp\/v2\/pages\/759"}],"collection":[{"href":"https:\/\/haussonja.de\/index.php?rest_route=\/wp\/v2\/pages"}],"about":[{"href":"https:\/\/haussonja.de\/index.php?rest_route=\/wp\/v2\/types\/page"}],"author":[{"embeddable":true,"href":"https:\/\/haussonja.de\/index.php?rest_route=\/wp\/v2\/users\/1"}],"replies":[{"embeddable":true,"href":"https:\/\/haussonja.de\/index.php?rest_route=%2Fwp%2Fv2%2Fcomments&post=759"}],"version-history":[{"count":21,"href":"https:\/\/haussonja.de\/index.php?rest_route=\/wp\/v2\/pages\/759\/revisions"}],"predecessor-version":[{"id":829,"href":"https:\/\/haussonja.de\/index.php?rest_route=\/wp\/v2\/pages\/759\/revisions\/829"}],"wp:attachment":[{"href":"https:\/\/haussonja.de\/index.php?rest_route=%2Fwp%2Fv2%2Fmedia&parent=759"}],"curies":[{"name":"wp","href":"https:\/\/api.w.org\/{rel}","templated":true}]}}