{"id":500,"date":"2018-07-13T10:24:39","date_gmt":"2018-07-13T10:24:39","guid":{"rendered":"https:\/\/haussonja.de\/?page_id=500"},"modified":"2018-08-08T09:39:08","modified_gmt":"2018-08-08T09:39:08","slug":"winkelmoos","status":"publish","type":"page","link":"https:\/\/haussonja.de\/?page_id=500","title":{"rendered":"Winkelmoos-Alm"},"content":{"rendered":"<p><span><img loading=\"lazy\" decoding=\"async\" src=\"https:\/\/haussonja.de\/wp-content\/uploads\/2018\/07\/winklmoos_4610-300x156.jpg\" alt=\"\" width=\"415\" height=\"216\" class=\" wp-image-452 alignright\" srcset=\"https:\/\/haussonja.de\/wp-content\/uploads\/2018\/07\/winklmoos_4610-300x156.jpg 300w, https:\/\/haussonja.de\/wp-content\/uploads\/2018\/07\/winklmoos_4610-768x399.jpg 768w, https:\/\/haussonja.de\/wp-content\/uploads\/2018\/07\/winklmoos_4610-1024x532.jpg 1024w, https:\/\/haussonja.de\/wp-content\/uploads\/2018\/07\/winklmoos_4610.jpg 1300w\" sizes=\"(max-width: 415px) 100vw, 415px\" \/>Innerhalb weniger Autominuten erreichen Sie die Winklmoos-Alm, ein weitl\u00e4ufiges oberbayerisches Almgebiet. Sie \u00a0\u00fcberzeugt durch ihre Sch\u00f6nheit sowohl im Sommer als auch im Winter.\u00a0<\/span><\/p>\n<p><span><img loading=\"lazy\" decoding=\"async\" src=\"https:\/\/haussonja.de\/wp-content\/uploads\/2018\/07\/winklmoos_5771-300x225.jpg\" alt=\"\" width=\"300\" height=\"225\" class=\"size-medium wp-image-456 alignleft\" srcset=\"https:\/\/haussonja.de\/wp-content\/uploads\/2018\/07\/winklmoos_5771-300x225.jpg 300w, https:\/\/haussonja.de\/wp-content\/uploads\/2018\/07\/winklmoos_5771.jpg 667w\" sizes=\"(max-width: 300px) 100vw, 300px\" \/>Das Hochplateau befindet sich auf etwa <\/span><span>1170\u00a0<abbr title=\"H\u00f6he \u00fcber dem Meeresspiegel\">m<\/abbr><\/span><span> H\u00f6he zwischen dem <\/span>D\u00fcrrnbachhorn<span> (<\/span><span>1778\u00a0<abbr title=\"H\u00f6he \u00fcber dem Meeresspiegel\">m<\/abbr><\/span><span>) und der <\/span>Steinplatte<span> (<\/span><span>1870\u00a0<abbr title=\"H\u00f6he \u00fcber dem Meeresspiegel\">m<\/abbr><\/span><span>). Es ist zusammen mit dem \u00f6sterreichischen Skigebiet auf der <\/span>Waidringer<span> Steinplatte ein beliebtes Wandergebiet und bedeutendes <\/span>Skizentrum<span>. Auf dem Gebiet der Winklmoos-<\/span>Alm<span> gibt es nur einige wenige H\u00e4user und Almh\u00fctten.\u00a0<\/span><span>\u00a0<\/span><\/p>\n<p><span><img loading=\"lazy\" decoding=\"async\" src=\"https:\/\/haussonja.de\/wp-content\/uploads\/2018\/08\/winklmoos_8812-300x225.jpg\" alt=\"\" width=\"300\" height=\"225\" class=\"size-medium wp-image-588 alignright\" srcset=\"https:\/\/haussonja.de\/wp-content\/uploads\/2018\/08\/winklmoos_8812-300x225.jpg 300w, https:\/\/haussonja.de\/wp-content\/uploads\/2018\/08\/winklmoos_8812-768x576.jpg 768w, https:\/\/haussonja.de\/wp-content\/uploads\/2018\/08\/winklmoos_8812.jpg 960w\" sizes=\"(max-width: 300px) 100vw, 300px\" \/> Die Auffahrt mit eigenem PKW von <\/span>Seegatterl<span>\u00a0zur Winklmoos-Alm \u00fcber eine mautpflichtige, steile Bergstra\u00dfe (erbaut 1956) ist nur im Sommer m\u00f6glich. Seit dem Beginn der Wintersaison 2009\/10 wird der bis dahin im Winter ausschlie\u00dflich m\u00f6gliche Linienbusverkehr durch eine Gondelbahn ersetzt.<\/span><\/p>\n<p><span><img loading=\"lazy\" decoding=\"async\" src=\"https:\/\/haussonja.de\/wp-content\/uploads\/2018\/08\/winklmoos_8810-300x225.jpg\" alt=\"\" width=\"300\" height=\"225\" class=\"size-medium wp-image-587 alignleft\" srcset=\"https:\/\/haussonja.de\/wp-content\/uploads\/2018\/08\/winklmoos_8810-300x225.jpg 300w, https:\/\/haussonja.de\/wp-content\/uploads\/2018\/08\/winklmoos_8810-768x576.jpg 768w, https:\/\/haussonja.de\/wp-content\/uploads\/2018\/08\/winklmoos_8810.jpg 960w\" sizes=\"(max-width: 300px) 100vw, 300px\" \/><\/span><\/p>\n<p>\u00dcber die Winkmoos-Alm gelangt man auch in das Skigebiet Steinplatte (1869m).\u00a0<span>\u00dcber den Gipfel verl\u00e4uft die Grenze der \u00d6sterreichischen Bundesl\u00e4nder <\/span>Salzburg<span> und <\/span>Tirol<span>. Nach S\u00fcden bricht der Berg in markante Felsw\u00e4nde ab. Die sanfte Nordseite ist durch mehrere Liftanlagen f\u00fcr den Ski- und Wandertourismus erschlossen.<\/span><\/p>\n","protected":false},"excerpt":{"rendered":"<p>Innerhalb weniger Autominuten erreichen Sie die Winklmoos-Alm, ein weitl\u00e4ufiges oberbayerisches Almgebiet. Sie \u00a0\u00fcberzeugt durch ihre Sch\u00f6nheit sowohl im Sommer als auch im Winter.\u00a0 Das Hochplateau befindet sich auf etwa 1170\u00a0m H\u00f6he zwischen dem D\u00fcrrnbachhorn (1778\u00a0m) und der Steinplatte (1870\u00a0m). Es ist zusammen mit dem \u00f6sterreichischen Skigebiet auf der Waidringer Steinplatte<\/p>\n","protected":false},"author":1,"featured_media":0,"parent":0,"menu_order":0,"comment_status":"closed","ping_status":"closed","template":"","meta":{"ub_ctt_via":"","footnotes":""},"featured_image_src":null,"_links":{"self":[{"href":"https:\/\/haussonja.de\/index.php?rest_route=\/wp\/v2\/pages\/500"}],"collection":[{"href":"https:\/\/haussonja.de\/index.php?rest_route=\/wp\/v2\/pages"}],"about":[{"href":"https:\/\/haussonja.de\/index.php?rest_route=\/wp\/v2\/types\/page"}],"author":[{"embeddable":true,"href":"https:\/\/haussonja.de\/index.php?rest_route=\/wp\/v2\/users\/1"}],"replies":[{"embeddable":true,"href":"https:\/\/haussonja.de\/index.php?rest_route=%2Fwp%2Fv2%2Fcomments&post=500"}],"version-history":[{"count":10,"href":"https:\/\/haussonja.de\/index.php?rest_route=\/wp\/v2\/pages\/500\/revisions"}],"predecessor-version":[{"id":591,"href":"https:\/\/haussonja.de\/index.php?rest_route=\/wp\/v2\/pages\/500\/revisions\/591"}],"wp:attachment":[{"href":"https:\/\/haussonja.de\/index.php?rest_route=%2Fwp%2Fv2%2Fmedia&parent=500"}],"curies":[{"name":"wp","href":"https:\/\/api.w.org\/{rel}","templated":true}]}}