{"id":499,"date":"2018-07-13T10:24:39","date_gmt":"2018-07-13T10:24:39","guid":{"rendered":"https:\/\/haussonja.de\/?page_id=499"},"modified":"2018-08-08T10:38:39","modified_gmt":"2018-08-08T10:38:39","slug":"schmugglerweg","status":"publish","type":"page","link":"https:\/\/haussonja.de\/?page_id=499","title":{"rendered":"Schmugglerweg"},"content":{"rendered":"<p><img loading=\"lazy\" decoding=\"async\" src=\"https:\/\/haussonja.de\/wp-content\/uploads\/2018\/07\/globstein_schmugglerweg_5712-225x300.jpg\" alt=\"\" width=\"225\" height=\"300\" class=\"size-medium wp-image-447 alignleft\" srcset=\"https:\/\/haussonja.de\/wp-content\/uploads\/2018\/07\/globstein_schmugglerweg_5712-225x300.jpg 225w, https:\/\/haussonja.de\/wp-content\/uploads\/2018\/07\/globstein_schmugglerweg_5712.jpg 500w\" sizes=\"(max-width: 225px) 100vw, 225px\" \/>Aus dem \u00f6sterreichischen Nachbarort K\u00f6ssen, verl\u00e4uft auf einer alten Trasse der &#8222;Schmugglerweg&#8220; zwischen Tirol und Bayern.<\/p>\n<p>Nach einer einst\u00fcndigen leichten Wanderung durch gem\u00fctliche Waldwege mit einer Streckenl\u00e4nge von 3,1km erreicht man die H\u00e4ngebr\u00fccke von Maria Klobenstein.<\/p>\n<p>Die 2013 komplett erneuerte 33m lange Seilh\u00e4ngebr\u00fccke verbindet den Schmugglerweg \u00fcber die Schlucht der Gro\u00dfache mit der Wallfahrtskirche Klobenstein.<\/p>\n<p><img loading=\"lazy\" decoding=\"async\" src=\"https:\/\/haussonja.de\/wp-content\/uploads\/2018\/07\/globstein_schmugglerweg_4034-300x114.jpg\" alt=\"\" width=\"650\" height=\"247\" class=\" wp-image-442 aligncenter\" srcset=\"https:\/\/haussonja.de\/wp-content\/uploads\/2018\/07\/globstein_schmugglerweg_4034-300x114.jpg 300w, https:\/\/haussonja.de\/wp-content\/uploads\/2018\/07\/globstein_schmugglerweg_4034-768x292.jpg 768w, https:\/\/haussonja.de\/wp-content\/uploads\/2018\/07\/globstein_schmugglerweg_4034-1024x390.jpg 1024w, https:\/\/haussonja.de\/wp-content\/uploads\/2018\/07\/globstein_schmugglerweg_4034.jpg 2000w\" sizes=\"(max-width: 650px) 100vw, 650px\" \/> <img loading=\"lazy\" decoding=\"async\" src=\"https:\/\/haussonja.de\/wp-content\/uploads\/2018\/07\/globstein_schmugglerweg_4185-225x300.jpg\" alt=\"\" width=\"225\" height=\"300\" class=\"size-medium wp-image-444 alignleft\" srcset=\"https:\/\/haussonja.de\/wp-content\/uploads\/2018\/07\/globstein_schmugglerweg_4185-225x300.jpg 225w, https:\/\/haussonja.de\/wp-content\/uploads\/2018\/07\/globstein_schmugglerweg_4185.jpg 500w\" sizes=\"(max-width: 225px) 100vw, 225px\" \/>Der Sage nach st\u00fcrzte ein riesiger Felsbrocken herab und teilte sich gerade noch rechtzeitig vor einer B\u00e4uerin &#8211; als Dank f\u00fcr dieses Wunder wurde Maria Klobenstein errichtet. Der Wallfahrtsort umfasst neben den zwei zentralen Kapellen &#8211; einer Loretokapelle und einer Marienkapelle.<br \/>\n<img loading=\"lazy\" decoding=\"async\" src=\"https:\/\/haussonja.de\/wp-content\/uploads\/2018\/07\/globstein_schmugglerweg_4133-225x300.jpg\" alt=\"\" width=\"225\" height=\"300\" class=\"size-medium wp-image-443 alignright\" srcset=\"https:\/\/haussonja.de\/wp-content\/uploads\/2018\/07\/globstein_schmugglerweg_4133-225x300.jpg 225w, https:\/\/haussonja.de\/wp-content\/uploads\/2018\/07\/globstein_schmugglerweg_4133.jpg 500w\" sizes=\"(max-width: 225px) 100vw, 225px\" \/><\/p>\n<p><span>Nach dem 2. Weltkrieg wurden \u00fcber den Schmugglerweg Zigaretten, Kaffee, Rum und sogar K\u00e4selaibe geschmuggelt &#8211; daher der Name. Aber schon in der fr\u00fchen Bronzezeit (1.800 vor Chr.) war dies ein wichtiger Handelsweg f\u00fcr Kupfer und Bronze, im Mittelalter f\u00fcr den Transport von Wein und Salz.<\/span><\/p>\n<p><img loading=\"lazy\" decoding=\"async\" src=\"https:\/\/haussonja.de\/wp-content\/uploads\/2018\/07\/globstein_schmugglerweg_5669-225x300.jpg\" alt=\"\" width=\"225\" height=\"300\" class=\"size-medium wp-image-446 alignleft\" srcset=\"https:\/\/haussonja.de\/wp-content\/uploads\/2018\/07\/globstein_schmugglerweg_5669-225x300.jpg 225w, https:\/\/haussonja.de\/wp-content\/uploads\/2018\/07\/globstein_schmugglerweg_5669.jpg 500w\" sizes=\"(max-width: 225px) 100vw, 225px\" \/>Diese Wanderung ist auch mit Kindern gut zu laufen und an hei\u00dfen Tagen eine Abk\u00fchlung wert.<\/p>\n<p>&nbsp;<\/p>\n","protected":false},"excerpt":{"rendered":"<p>Aus dem \u00f6sterreichischen Nachbarort K\u00f6ssen, verl\u00e4uft auf einer alten Trasse der &#8222;Schmugglerweg&#8220; zwischen Tirol und Bayern. Nach einer einst\u00fcndigen leichten Wanderung durch gem\u00fctliche Waldwege mit einer Streckenl\u00e4nge von 3,1km erreicht man die H\u00e4ngebr\u00fccke von Maria Klobenstein. Die 2013 komplett erneuerte 33m lange Seilh\u00e4ngebr\u00fccke verbindet den Schmugglerweg \u00fcber die Schlucht der<\/p>\n","protected":false},"author":1,"featured_media":0,"parent":0,"menu_order":0,"comment_status":"closed","ping_status":"closed","template":"","meta":{"ub_ctt_via":"","footnotes":""},"featured_image_src":null,"_links":{"self":[{"href":"https:\/\/haussonja.de\/index.php?rest_route=\/wp\/v2\/pages\/499"}],"collection":[{"href":"https:\/\/haussonja.de\/index.php?rest_route=\/wp\/v2\/pages"}],"about":[{"href":"https:\/\/haussonja.de\/index.php?rest_route=\/wp\/v2\/types\/page"}],"author":[{"embeddable":true,"href":"https:\/\/haussonja.de\/index.php?rest_route=\/wp\/v2\/users\/1"}],"replies":[{"embeddable":true,"href":"https:\/\/haussonja.de\/index.php?rest_route=%2Fwp%2Fv2%2Fcomments&post=499"}],"version-history":[{"count":5,"href":"https:\/\/haussonja.de\/index.php?rest_route=\/wp\/v2\/pages\/499\/revisions"}],"predecessor-version":[{"id":600,"href":"https:\/\/haussonja.de\/index.php?rest_route=\/wp\/v2\/pages\/499\/revisions\/600"}],"wp:attachment":[{"href":"https:\/\/haussonja.de\/index.php?rest_route=%2Fwp%2Fv2%2Fmedia&parent=499"}],"curies":[{"name":"wp","href":"https:\/\/api.w.org\/{rel}","templated":true}]}}