{"id":498,"date":"2018-07-13T10:24:39","date_gmt":"2018-07-13T10:24:39","guid":{"rendered":"https:\/\/haussonja.de\/?page_id=498"},"modified":"2018-08-12T06:56:42","modified_gmt":"2018-08-12T06:56:42","slug":"seenland","status":"publish","type":"page","link":"https:\/\/haussonja.de\/?page_id=498","title":{"rendered":"Seenland"},"content":{"rendered":"<p><img loading=\"lazy\" decoding=\"async\" src=\"https:\/\/haussonja.de\/wp-content\/uploads\/2018\/07\/seen_5891-300x225.jpg\" alt=\"\" width=\"300\" height=\"225\" class=\"size-medium wp-image-465 alignleft\" srcset=\"https:\/\/haussonja.de\/wp-content\/uploads\/2018\/07\/seen_5891-300x225.jpg 300w, https:\/\/haussonja.de\/wp-content\/uploads\/2018\/07\/seen_5891.jpg 667w\" sizes=\"(max-width: 300px) 100vw, 300px\" \/>Malerische Ausflugsziele an die nah gelegenen Badeseen Weitsee, Mittersee und L\u00f6densee Richtung Ruhpolding laden zum entspannen, baden und genie\u00dfen ein.<\/p>\n<p><img loading=\"lazy\" decoding=\"async\" src=\"https:\/\/haussonja.de\/wp-content\/uploads\/2018\/07\/seen_4879-300x199.jpg\" alt=\"\" width=\"300\" height=\"199\" class=\"size-medium wp-image-460 alignright\" srcset=\"https:\/\/haussonja.de\/wp-content\/uploads\/2018\/07\/seen_4879-300x199.jpg 300w, https:\/\/haussonja.de\/wp-content\/uploads\/2018\/07\/seen_4879-360x240.jpg 360w, https:\/\/haussonja.de\/wp-content\/uploads\/2018\/07\/seen_4879.jpg 754w\" sizes=\"(max-width: 300px) 100vw, 300px\" \/>Auf dem ebenfalls nahe gelegene \u00f6sterreichischen Walchsee kann man mit ausgeliehenen Trettbooten gem\u00fctlich die Aussicht genie\u00dfen.<\/p>\n<p><img loading=\"lazy\" decoding=\"async\" src=\"https:\/\/haussonja.de\/wp-content\/uploads\/2018\/07\/seen_5490-300x225.jpg\" alt=\"\" width=\"300\" height=\"225\" class=\"size-medium wp-image-463 alignleft\" srcset=\"https:\/\/haussonja.de\/wp-content\/uploads\/2018\/07\/seen_5490-300x225.jpg 300w, https:\/\/haussonja.de\/wp-content\/uploads\/2018\/07\/seen_5490.jpg 667w\" sizes=\"(max-width: 300px) 100vw, 300px\" \/>Wander- und Radwege zu und um die Seen stehen zur Verf\u00fcgung.<\/p>\n<p>Die Anlegestellen am Chiemsee, zu den bekannten Inseln Herrenchiemsee und Frauenchiemsee sind in ca. 40 Minuten mit dem Auto erreichbar.<\/p>\n<p>&nbsp;<\/p>\n<p>&nbsp;<\/p>\n","protected":false},"excerpt":{"rendered":"<p>Malerische Ausflugsziele an die nah gelegenen Badeseen Weitsee, Mittersee und L\u00f6densee Richtung Ruhpolding laden zum entspannen, baden und genie\u00dfen ein. Auf dem ebenfalls nahe gelegene \u00f6sterreichischen Walchsee kann man mit ausgeliehenen Trettbooten gem\u00fctlich die Aussicht genie\u00dfen. Wander- und Radwege zu und um die Seen stehen zur Verf\u00fcgung. Die Anlegestellen am<\/p>\n","protected":false},"author":1,"featured_media":0,"parent":0,"menu_order":0,"comment_status":"closed","ping_status":"closed","template":"","meta":{"ub_ctt_via":"","footnotes":""},"featured_image_src":null,"_links":{"self":[{"href":"https:\/\/haussonja.de\/index.php?rest_route=\/wp\/v2\/pages\/498"}],"collection":[{"href":"https:\/\/haussonja.de\/index.php?rest_route=\/wp\/v2\/pages"}],"about":[{"href":"https:\/\/haussonja.de\/index.php?rest_route=\/wp\/v2\/types\/page"}],"author":[{"embeddable":true,"href":"https:\/\/haussonja.de\/index.php?rest_route=\/wp\/v2\/users\/1"}],"replies":[{"embeddable":true,"href":"https:\/\/haussonja.de\/index.php?rest_route=%2Fwp%2Fv2%2Fcomments&post=498"}],"version-history":[{"count":5,"href":"https:\/\/haussonja.de\/index.php?rest_route=\/wp\/v2\/pages\/498\/revisions"}],"predecessor-version":[{"id":615,"href":"https:\/\/haussonja.de\/index.php?rest_route=\/wp\/v2\/pages\/498\/revisions\/615"}],"wp:attachment":[{"href":"https:\/\/haussonja.de\/index.php?rest_route=%2Fwp%2Fv2%2Fmedia&parent=498"}],"curies":[{"name":"wp","href":"https:\/\/api.w.org\/{rel}","templated":true}]}}