{"id":496,"date":"2018-07-13T10:24:39","date_gmt":"2018-07-13T10:24:39","guid":{"rendered":"https:\/\/haussonja.de\/?page_id=496"},"modified":"2018-08-08T12:10:48","modified_gmt":"2018-08-08T12:10:48","slug":"schwendt","status":"publish","type":"page","link":"https:\/\/haussonja.de\/?page_id=496","title":{"rendered":"Fischen"},"content":{"rendered":"<p><span>Schwendt in \u00d6sterreich erreicht man in ca. 15 Minuten Fahrtzeit.<\/span><\/p>\n<p><span> Das Quellfisch Resort \u2013 besteht aus <\/span><b>3 Angelteichen:<\/b><span> dem gro\u00dfen Angelteich mit einer Gr\u00f6\u00dfe von ca. 10.000 m2, dem Familienteich mit ca. 1.700 m2 und dem Quellteich mit ca. 650 m2. <\/span><\/p>\n<p><img loading=\"lazy\" decoding=\"async\" src=\"https:\/\/haussonja.de\/wp-content\/uploads\/2018\/07\/schwendt_fisch_4674-300x225.jpg\" alt=\"\" width=\"300\" height=\"225\" class=\"size-medium wp-image-458 alignleft\" srcset=\"https:\/\/haussonja.de\/wp-content\/uploads\/2018\/07\/schwendt_fisch_4674-300x225.jpg 300w, https:\/\/haussonja.de\/wp-content\/uploads\/2018\/07\/schwendt_fisch_4674.jpg 667w\" sizes=\"(max-width: 300px) 100vw, 300px\" \/><span>Dort tummeln sich Saiblinge, Regenbogen-, Lachs-, Bach-, See- und Goldforellen von 250 gr. bis 1.500 gr und mit Gl\u00fcck auch gr\u00f6\u00dfer.<\/span><\/p>\n<p><b>Am Familienteich <\/b><span>mit gro\u00dfem Holzsteg und Sonnenschirmen, und <\/span><b>ausreichend Sitzm\u00f6glichkeiten<\/b><span>\u00a0k\u00f6nnen Kinder in Begleitung ihrer Familie, erste Angelerfahrungen sammeln.\u00a0<\/span><\/p>\n<p><img loading=\"lazy\" decoding=\"async\" src=\"https:\/\/haussonja.de\/wp-content\/uploads\/2018\/07\/schwendt_fisch_4173-300x225.jpg\" alt=\"\" width=\"300\" height=\"225\" class=\"size-medium wp-image-457 alignright\" srcset=\"https:\/\/haussonja.de\/wp-content\/uploads\/2018\/07\/schwendt_fisch_4173-300x225.jpg 300w, https:\/\/haussonja.de\/wp-content\/uploads\/2018\/07\/schwendt_fisch_4173.jpg 667w\" sizes=\"(max-width: 300px) 100vw, 300px\" \/>Die geangelten Fische k\u00f6nnen entweder zuhause ausgenommen und zubereitet werden, oder von den dortigen Fischern ausgenommen werden oder im dem zugeh\u00f6rigen Restaurant sofort nach Wunsch zubereitet werden.<\/p>\n<p>Ein Erlebnis f\u00fcr K\u00f6nner und Beginner.<\/p>\n<p>&nbsp;<\/p>\n","protected":false},"excerpt":{"rendered":"<p>Schwendt in \u00d6sterreich erreicht man in ca. 15 Minuten Fahrtzeit. Das Quellfisch Resort \u2013 besteht aus 3 Angelteichen: dem gro\u00dfen Angelteich mit einer Gr\u00f6\u00dfe von ca. 10.000 m2, dem Familienteich mit ca. 1.700 m2 und dem Quellteich mit ca. 650 m2. Dort tummeln sich Saiblinge, Regenbogen-, Lachs-, Bach-, See- und<\/p>\n","protected":false},"author":1,"featured_media":0,"parent":0,"menu_order":0,"comment_status":"closed","ping_status":"closed","template":"","meta":{"ub_ctt_via":"","footnotes":""},"featured_image_src":null,"_links":{"self":[{"href":"https:\/\/haussonja.de\/index.php?rest_route=\/wp\/v2\/pages\/496"}],"collection":[{"href":"https:\/\/haussonja.de\/index.php?rest_route=\/wp\/v2\/pages"}],"about":[{"href":"https:\/\/haussonja.de\/index.php?rest_route=\/wp\/v2\/types\/page"}],"author":[{"embeddable":true,"href":"https:\/\/haussonja.de\/index.php?rest_route=\/wp\/v2\/users\/1"}],"replies":[{"embeddable":true,"href":"https:\/\/haussonja.de\/index.php?rest_route=%2Fwp%2Fv2%2Fcomments&post=496"}],"version-history":[{"count":6,"href":"https:\/\/haussonja.de\/index.php?rest_route=\/wp\/v2\/pages\/496\/revisions"}],"predecessor-version":[{"id":611,"href":"https:\/\/haussonja.de\/index.php?rest_route=\/wp\/v2\/pages\/496\/revisions\/611"}],"wp:attachment":[{"href":"https:\/\/haussonja.de\/index.php?rest_route=%2Fwp%2Fv2%2Fmedia&parent=496"}],"curies":[{"name":"wp","href":"https:\/\/api.w.org\/{rel}","templated":true}]}}