{"id":495,"date":"2018-07-13T10:24:39","date_gmt":"2018-07-13T10:24:39","guid":{"rendered":"https:\/\/haussonja.de\/?page_id=495"},"modified":"2018-08-12T07:00:14","modified_gmt":"2018-08-12T07:00:14","slug":"blindau","status":"publish","type":"page","link":"https:\/\/haussonja.de\/?page_id=495","title":{"rendered":"Blindau"},"content":{"rendered":"<p><img loading=\"lazy\" decoding=\"async\" src=\"https:\/\/haussonja.de\/wp-content\/uploads\/2018\/07\/spaz_blindauhindenburg_3572-300x225.jpg\" alt=\"\" width=\"300\" height=\"225\" class=\"size-medium wp-image-433 alignleft\" srcset=\"https:\/\/haussonja.de\/wp-content\/uploads\/2018\/07\/spaz_blindauhindenburg_3572-300x225.jpg 300w, https:\/\/haussonja.de\/wp-content\/uploads\/2018\/07\/spaz_blindauhindenburg_3572.jpg 667w\" sizes=\"(max-width: 300px) 100vw, 300px\" \/>\u00dcber den s\u00fcdlich gelegenen &#8222;M\u00e4rchenwald&#8220; gelangt man von unserem Haus Zufluss zu dem h\u00f6her gelegenen Ortsteil Blindau.<\/p>\n<p><img loading=\"lazy\" decoding=\"async\" src=\"https:\/\/haussonja.de\/wp-content\/uploads\/2018\/07\/spaz_blindauhindenburg_5180-300x225.jpg\" alt=\"\" width=\"300\" height=\"225\" class=\"size-medium wp-image-436 alignright\" srcset=\"https:\/\/haussonja.de\/wp-content\/uploads\/2018\/07\/spaz_blindauhindenburg_5180-300x225.jpg 300w, https:\/\/haussonja.de\/wp-content\/uploads\/2018\/07\/spaz_blindauhindenburg_5180.jpg 667w\" sizes=\"(max-width: 300px) 100vw, 300px\" \/>\u00dcber Almwiesen mit Felder erreicht man den Startpunkt zur Bergauffahrt zur Hinderburgh\u00fctte (1260m).<\/p>\n<p><span>Der Besuch der Hindenburgh\u00fctte lohnt sich nicht nur wegen der Einkehr im Wirtshaus. D<\/span><span>ie Hemmersuppenalm ist ein beliebtes Wander- und Mountainbikegebiet mit wundersch\u00f6nen Aussichtspunkten auf das Alpenpanorama und den Chiemsee. <\/span><\/p>\n<p><img loading=\"lazy\" decoding=\"async\" src=\"https:\/\/haussonja.de\/wp-content\/uploads\/2018\/07\/spaz_blindauhindenburg_5351-300x78.jpg\" alt=\"\" width=\"811\" height=\"211\" class=\"alignnone wp-image-437\" srcset=\"https:\/\/haussonja.de\/wp-content\/uploads\/2018\/07\/spaz_blindauhindenburg_5351-300x78.jpg 300w, https:\/\/haussonja.de\/wp-content\/uploads\/2018\/07\/spaz_blindauhindenburg_5351-768x199.jpg 768w, https:\/\/haussonja.de\/wp-content\/uploads\/2018\/07\/spaz_blindauhindenburg_5351-1024x266.jpg 1024w, https:\/\/haussonja.de\/wp-content\/uploads\/2018\/07\/spaz_blindauhindenburg_5351.jpg 1400w\" sizes=\"(max-width: 811px) 100vw, 811px\" \/><\/p>\n<p><span>Zu jeder Jahreszeit k\u00f6nnen Sie hier vielen Freizeitbesch\u00e4ftigungen nachgehen.\u00a0<\/span><\/p>\n<p><img loading=\"lazy\" decoding=\"async\" src=\"https:\/\/haussonja.de\/wp-content\/uploads\/2018\/07\/spaz_blindauhindenburg-300x220.jpg\" alt=\"\" width=\"300\" height=\"220\" class=\"size-medium wp-image-439 alignleft\" srcset=\"https:\/\/haussonja.de\/wp-content\/uploads\/2018\/07\/spaz_blindauhindenburg-300x220.jpg 300w, https:\/\/haussonja.de\/wp-content\/uploads\/2018\/07\/spaz_blindauhindenburg.jpg 400w\" sizes=\"(max-width: 300px) 100vw, 300px\" \/>Wer noch weiter nach oben m\u00f6chte und immer noch Kraft in den Beinen versp\u00fcrt, gelangt in etwa<span>\u00a02 Stunden Gehzeit und 570 H\u00f6henmeter von der Hemmersuppenalm<\/span><span>\u00a0zum Straubinger Haus und<\/span><span>\u00a0Fellhorn (1765 <\/span><acronym title=\"Meter\">m<\/acronym><span>).<\/span><\/p>\n<p>&nbsp;<\/p>\n","protected":false},"excerpt":{"rendered":"<p>\u00dcber den s\u00fcdlich gelegenen &#8222;M\u00e4rchenwald&#8220; gelangt man von unserem Haus Zufluss zu dem h\u00f6her gelegenen Ortsteil Blindau. \u00dcber Almwiesen mit Felder erreicht man den Startpunkt zur Bergauffahrt zur Hinderburgh\u00fctte (1260m). Der Besuch der Hindenburgh\u00fctte lohnt sich nicht nur wegen der Einkehr im Wirtshaus. Die Hemmersuppenalm ist ein beliebtes Wander- und<\/p>\n","protected":false},"author":1,"featured_media":0,"parent":0,"menu_order":0,"comment_status":"closed","ping_status":"closed","template":"","meta":{"ub_ctt_via":"","footnotes":""},"featured_image_src":null,"_links":{"self":[{"href":"https:\/\/haussonja.de\/index.php?rest_route=\/wp\/v2\/pages\/495"}],"collection":[{"href":"https:\/\/haussonja.de\/index.php?rest_route=\/wp\/v2\/pages"}],"about":[{"href":"https:\/\/haussonja.de\/index.php?rest_route=\/wp\/v2\/types\/page"}],"author":[{"embeddable":true,"href":"https:\/\/haussonja.de\/index.php?rest_route=\/wp\/v2\/users\/1"}],"replies":[{"embeddable":true,"href":"https:\/\/haussonja.de\/index.php?rest_route=%2Fwp%2Fv2%2Fcomments&post=495"}],"version-history":[{"count":7,"href":"https:\/\/haussonja.de\/index.php?rest_route=\/wp\/v2\/pages\/495\/revisions"}],"predecessor-version":[{"id":617,"href":"https:\/\/haussonja.de\/index.php?rest_route=\/wp\/v2\/pages\/495\/revisions\/617"}],"wp:attachment":[{"href":"https:\/\/haussonja.de\/index.php?rest_route=%2Fwp%2Fv2%2Fmedia&parent=495"}],"curies":[{"name":"wp","href":"https:\/\/api.w.org\/{rel}","templated":true}]}}