{"id":491,"date":"2018-07-13T10:24:39","date_gmt":"2018-07-13T10:24:39","guid":{"rendered":"https:\/\/haussonja.de\/?page_id=491"},"modified":"2018-08-08T09:57:54","modified_gmt":"2018-08-08T09:57:54","slug":"winter","status":"publish","type":"page","link":"https:\/\/haussonja.de\/?page_id=491","title":{"rendered":"Winter"},"content":{"rendered":"<p><img loading=\"lazy\" decoding=\"async\" src=\"https:\/\/haussonja.de\/wp-content\/uploads\/2018\/07\/winter3-300x225.jpg\" alt=\"\" width=\"341\" height=\"256\" class=\" wp-image-481 alignleft\" srcset=\"https:\/\/haussonja.de\/wp-content\/uploads\/2018\/07\/winter3-300x225.jpg 300w, https:\/\/haussonja.de\/wp-content\/uploads\/2018\/07\/winter3.jpg 493w\" sizes=\"(max-width: 341px) 100vw, 341px\" \/><span>Nicht umsonst ist das Dorf als <\/span><strong>Schneeloch <\/strong><span>bekannt. Reit im Winkl ist der schneereichste und schneesicherste Skiort in den Bayerischen Alpen. <\/span><br \/>\n<span>Durch die geografisch g\u00fcnstig gelegene Lage genie\u00dft man auch im Winter eine <\/span><strong>lange Sonnenscheindauer<\/strong><span>.<\/span><\/p>\n<p><span><img loading=\"lazy\" decoding=\"async\" src=\"https:\/\/haussonja.de\/wp-content\/uploads\/2018\/07\/winter8-300x225.jpg\" alt=\"\" width=\"300\" height=\"225\" class=\"size-medium wp-image-485 alignright\" srcset=\"https:\/\/haussonja.de\/wp-content\/uploads\/2018\/07\/winter8-300x225.jpg 300w, https:\/\/haussonja.de\/wp-content\/uploads\/2018\/07\/winter8.jpg 560w\" sizes=\"(max-width: 300px) 100vw, 300px\" \/>Die Umgebung bietet jedem Skifahrer ein <\/span><strong>Wunderland an Pisten und Loipen<\/strong><span>. Wer nicht gerne auf Ski, Snowboard oder Langlaufskier steht hat auch die M\u00f6glichkeit die verschneite Winterlandschaft zu Fu\u00df oder mit Schneeschuhen zu erkunden.<\/span><\/p>\n<p><span><img loading=\"lazy\" decoding=\"async\" src=\"https:\/\/haussonja.de\/wp-content\/uploads\/2018\/07\/winter7-300x225.jpg\" alt=\"\" width=\"300\" height=\"225\" class=\"size-medium wp-image-484 alignleft\" srcset=\"https:\/\/haussonja.de\/wp-content\/uploads\/2018\/07\/winter7-300x225.jpg 300w, https:\/\/haussonja.de\/wp-content\/uploads\/2018\/07\/winter7.jpg 560w\" sizes=\"(max-width: 300px) 100vw, 300px\" \/>Auf dem H\u00fcgel neben unserem Haus ist im Winter ein Wanderweg Richtung Oberbichl \/ Birnbach gespurt.\u00a0G\u00e4ste mit\u00a0Kindern nutzen diesen gerne als Rodelh\u00fcgel.<\/span><\/p>\n<p><img loading=\"lazy\" decoding=\"async\" src=\"https:\/\/haussonja.de\/wp-content\/uploads\/2018\/07\/winter6-300x225.jpg\" alt=\"\" width=\"300\" height=\"225\" class=\"size-medium wp-image-483 alignright\" srcset=\"https:\/\/haussonja.de\/wp-content\/uploads\/2018\/07\/winter6-300x225.jpg 300w, https:\/\/haussonja.de\/wp-content\/uploads\/2018\/07\/winter6.jpg 560w\" sizes=\"(max-width: 300px) 100vw, 300px\" \/><\/p>\n<p>Etwa 100m unterhalb unseres Hauses befindet sich die Loferau mit direktem Einstieg zur Langlaufloipe.<\/p>\n<p>Im Tal von Reit im Winkl stehen Ihnen 49 <acronym title=\"Kilometer\">km<\/acronym> klassische und 39 <acronym title=\"Kilometer\">km<\/acronym> Skatingloipen bei ausreichender Schneelage zur Verf\u00fcgung. Zus\u00e4tzlich finden Sie die H\u00f6henloipen auf der Winkmoos-Alm und Hemmersuppenalm mit\u00a032 <acronym title=\"Kilometer\">km<\/acronym> klassischer und 28 <acronym title=\"Kilometer\">km<\/acronym> Skatingloipe vor.\u00a0Reit im Winkl bietet auch Skilanglaufkurse und leichte Loipen f\u00fcr Anf\u00e4nger oder Kinder.<\/p>\n<p><img loading=\"lazy\" decoding=\"async\" src=\"https:\/\/haussonja.de\/wp-content\/uploads\/2018\/08\/winter_8811-300x225.jpg\" alt=\"\" width=\"300\" height=\"225\" class=\"size-medium wp-image-590 alignleft\" srcset=\"https:\/\/haussonja.de\/wp-content\/uploads\/2018\/08\/winter_8811-300x225.jpg 300w, https:\/\/haussonja.de\/wp-content\/uploads\/2018\/08\/winter_8811-768x576.jpg 768w, https:\/\/haussonja.de\/wp-content\/uploads\/2018\/08\/winter_8811.jpg 960w\" sizes=\"(max-width: 300px) 100vw, 300px\" \/>Auf der Winklmoos-Alm und Steinplatte befinden sich Gondelbahn, Skilifte und Sesselbahnen &#8211; insgesamt 13 Liftanlagen mit\u00a0insgesamt 42 <acronym title=\"Kilometer\">km<\/acronym> Pisten-Abfahrten (davon 35 <acronym title=\"Kilometer\">km<\/acronym> beschneit) f\u00fcr Alpine-Skifahrer und Snowboarder. <img loading=\"lazy\" decoding=\"async\" src=\"https:\/\/haussonja.de\/wp-content\/uploads\/2018\/08\/winter_8809-300x225.jpg\" alt=\"\" width=\"300\" height=\"225\" class=\"size-medium wp-image-589 alignright\" srcset=\"https:\/\/haussonja.de\/wp-content\/uploads\/2018\/08\/winter_8809-300x225.jpg 300w, https:\/\/haussonja.de\/wp-content\/uploads\/2018\/08\/winter_8809-768x576.jpg 768w, https:\/\/haussonja.de\/wp-content\/uploads\/2018\/08\/winter_8809.jpg 960w\" sizes=\"(max-width: 300px) 100vw, 300px\" \/><\/p>\n<p>Hier finden sie auch\u00a0Deutschlands l\u00e4ngste Skiabfahrt (Talabfahrt) mit 9km.<\/p>\n<p>&nbsp;<\/p>\n","protected":false},"excerpt":{"rendered":"<p>Nicht umsonst ist das Dorf als Schneeloch bekannt. Reit im Winkl ist der schneereichste und schneesicherste Skiort in den Bayerischen Alpen. Durch die geografisch g\u00fcnstig gelegene Lage genie\u00dft man auch im Winter eine lange Sonnenscheindauer. Die Umgebung bietet jedem Skifahrer ein Wunderland an Pisten und Loipen. Wer nicht gerne auf<\/p>\n","protected":false},"author":1,"featured_media":0,"parent":0,"menu_order":0,"comment_status":"closed","ping_status":"closed","template":"","meta":{"ub_ctt_via":"","footnotes":""},"featured_image_src":null,"_links":{"self":[{"href":"https:\/\/haussonja.de\/index.php?rest_route=\/wp\/v2\/pages\/491"}],"collection":[{"href":"https:\/\/haussonja.de\/index.php?rest_route=\/wp\/v2\/pages"}],"about":[{"href":"https:\/\/haussonja.de\/index.php?rest_route=\/wp\/v2\/types\/page"}],"author":[{"embeddable":true,"href":"https:\/\/haussonja.de\/index.php?rest_route=\/wp\/v2\/users\/1"}],"replies":[{"embeddable":true,"href":"https:\/\/haussonja.de\/index.php?rest_route=%2Fwp%2Fv2%2Fcomments&post=491"}],"version-history":[{"count":12,"href":"https:\/\/haussonja.de\/index.php?rest_route=\/wp\/v2\/pages\/491\/revisions"}],"predecessor-version":[{"id":595,"href":"https:\/\/haussonja.de\/index.php?rest_route=\/wp\/v2\/pages\/491\/revisions\/595"}],"wp:attachment":[{"href":"https:\/\/haussonja.de\/index.php?rest_route=%2Fwp%2Fv2%2Fmedia&parent=491"}],"curies":[{"name":"wp","href":"https:\/\/api.w.org\/{rel}","templated":true}]}}