{"id":11,"date":"2018-07-11T11:34:53","date_gmt":"2018-07-11T11:34:53","guid":{"rendered":"http:\/\/haussonja.de\/?page_id=11"},"modified":"2025-01-12T10:49:12","modified_gmt":"2025-01-12T10:49:12","slug":"belegungsuebersicht","status":"publish","type":"page","link":"https:\/\/haussonja.de\/?page_id=11","title":{"rendered":"Belegungsplan"},"content":{"rendered":"<p><strong>Sehr geehrte G\u00e4ste,<\/strong><\/p>\n<p>wir freuen uns auf euren Besuch. Unter folgenden Kalendern k\u00f6nnen sie die Verf\u00fcgbarkeit unserer Wohnungen pr\u00fcfen. Wir versuchen immer, den Belegungsplan so aktuell als m\u00f6glich zu halten, bitte haben Sie Verst\u00e4ndnis falls dieser nicht immer tagesaktuell ist.<\/p>\n<p>Fragen sie uns bitte vor einer Buchung immer nochmal pers\u00f6nlich. Gerne per Telefon oder E-Mail.<\/p>\n<p><strong>Ihre Familie Buchegger<\/strong><\/p>\n<hr \/>\n<p><strong>Ferienwohnung 1<\/strong><\/p>\n<div id=\"smoobuApartment27371de\" class=\"calendarWidget\">\n<div class=\"calendarContent\" data-load-calendar-url=\"https:\/\/login.smoobu.com\/de\/cockpit\/widget\/single-calendar\/27371\" data-verification=\"0a526923487999a14fb4f7f7b5d767ccd56ee3c84a29bb46cd208c1ef3e048d8\" data-baseurl=\"https:\/\/login.smoobu.com\" data-disable-css=\"false\"><\/div>\n<p><script type=\"text\/javascript\" src=\"https:\/\/login.smoobu.com\/js\/Apartment\/CalendarWidget.js\"><\/script><\/p>\n<\/div>\n<hr \/>\n<p><strong>Ferienwohnung 2<\/strong><\/p>\n<div id=\"smoobuApartment27370de\" class=\"calendarWidget\">\n<div class=\"calendarContent\" data-load-calendar-url=\"https:\/\/login.smoobu.com\/de\/cockpit\/widget\/single-calendar\/27370\" data-verification=\"6385cdffc620d90822912df46051f3fb451f6c0beea18c2bec8bfcaed90e3393\" data-baseurl=\"https:\/\/login.smoobu.com\" data-disable-css=\"false\"><\/div>\n<p><script type=\"text\/javascript\" src=\"https:\/\/login.smoobu.com\/js\/Apartment\/CalendarWidget.js\"><\/script><\/p>\n<\/div>\n<hr \/>\n<p><strong>Ferienwohnung 3<\/strong><\/p>\n<div id=\"smoobuApartment27372de\" class=\"calendarWidget\">\n<div class=\"calendarContent\" data-load-calendar-url=\"https:\/\/login.smoobu.com\/de\/cockpit\/widget\/single-calendar\/27372\" data-verification=\"cae3a182f7f1a2b2fa64a17362ebdb2dca29c8995e8c64662fa919994bdb904c\" data-baseurl=\"https:\/\/login.smoobu.com\" data-disable-css=\"false\"><\/div>\n<p><script type=\"text\/javascript\" src=\"https:\/\/login.smoobu.com\/js\/Apartment\/CalendarWidget.js\"><\/script><\/p>\n<\/div>\n","protected":false},"excerpt":{"rendered":"<p>Sehr geehrte G\u00e4ste, wir freuen uns auf euren Besuch. Unter folgenden Kalendern k\u00f6nnen sie die Verf\u00fcgbarkeit unserer Wohnungen pr\u00fcfen. Wir versuchen immer, den Belegungsplan so aktuell als m\u00f6glich zu halten, bitte haben Sie Verst\u00e4ndnis falls dieser nicht immer tagesaktuell ist. Fragen sie uns bitte vor einer Buchung immer nochmal pers\u00f6nlich.<\/p>\n","protected":false},"author":1,"featured_media":0,"parent":0,"menu_order":0,"comment_status":"closed","ping_status":"closed","template":"","meta":{"ub_ctt_via":"","footnotes":""},"featured_image_src":null,"_links":{"self":[{"href":"https:\/\/haussonja.de\/index.php?rest_route=\/wp\/v2\/pages\/11"}],"collection":[{"href":"https:\/\/haussonja.de\/index.php?rest_route=\/wp\/v2\/pages"}],"about":[{"href":"https:\/\/haussonja.de\/index.php?rest_route=\/wp\/v2\/types\/page"}],"author":[{"embeddable":true,"href":"https:\/\/haussonja.de\/index.php?rest_route=\/wp\/v2\/users\/1"}],"replies":[{"embeddable":true,"href":"https:\/\/haussonja.de\/index.php?rest_route=%2Fwp%2Fv2%2Fcomments&post=11"}],"version-history":[{"count":30,"href":"https:\/\/haussonja.de\/index.php?rest_route=\/wp\/v2\/pages\/11\/revisions"}],"predecessor-version":[{"id":758,"href":"https:\/\/haussonja.de\/index.php?rest_route=\/wp\/v2\/pages\/11\/revisions\/758"}],"wp:attachment":[{"href":"https:\/\/haussonja.de\/index.php?rest_route=%2Fwp%2Fv2%2Fmedia&parent=11"}],"curies":[{"name":"wp","href":"https:\/\/api.w.org\/{rel}","templated":true}]}}